{"id":132,"date":"2021-06-04T12:00:59","date_gmt":"2021-06-04T12:00:59","guid":{"rendered":"https:\/\/nmmh.clinic\/mentions-legales\/"},"modified":"2023-07-03T12:16:31","modified_gmt":"2023-07-03T12:16:31","slug":"imprint","status":"publish","type":"page","link":"https:\/\/nmmh.clinic\/nl\/contact\/imprint\/","title":{"rendered":"Imprint"},"content":{"rendered":"\r\n<h2 class=\"wp-block-heading\">EDITEUR RESPONSABLE<\/h2>\r\n<p><strong>Nepal Mountain Mobile Hospital\u00a0(NMMH)<\/strong><br \/>Pierre Soete<br \/>20, rue d&#8217;Opprebais |\u00a0B-1315-Incourt | Belgique<br \/><a title=\"Contactez-nous !\" href=\"mailto:info@nmmh.clinic\">info@nmmh.clinic<\/a><\/p>\r\n<h2>COPYRIGHT<\/h2>\r\n<p>\u00a9 2014 Nepal Mountain Mobile Hospital, tous droits r\u00e9serv\u00e9s.<br \/><br \/>Photos &amp; illustrations: \u00a9\u00a0Nepal Mountain Mobile Hospital; @Musikot 2011<br \/><br \/>L&#8217;ensemble de ce site rel\u00e8ve des l\u00e9gislations en vigueur sur les droits d&#8217;auteur et de la propri\u00e9t\u00e9 intellectuelle. Tous les textes, illustrations ou autres contenus sont prot\u00e9g\u00e9s par un droit de reproduction.<\/p>\r\n<h2>R\u00c9ALISATION<\/h2>\r\n<p><strong>AEDES IT S.\u00e0.r.l.<\/strong><br \/>Am Hock, 4 |\u00a09991 Weiswampach |\u00a0Luxembourg<br \/><a href=\"http:\/\/www.aedesit.com\/\" target=\"_blank\" rel=\"noopener\">www.aedesit.com<\/a><br \/>VAT ID: LU 26523616\u00a0<\/p>\r\n<h2>WEB HOSTING \/ DATACENTER<\/h2>\r\n<p><strong>SAS OVH<\/strong><br \/>Rue Kellermann, 2<br \/>59100 Roubiax<br \/>France<br \/>VAT ID: FR 22 424 761 419<br \/><a href=\"https:\/\/www.ovh.com\/fr\/support\/documents_legaux\">www.ovh.com<\/a><\/p>\r\n<h2>CHAMP D&#8217;APPLICATION<\/h2>\r\n<p>Les pr\u00e9sentes conditions s\u2019appliquent \u00e0 l\u2019ensemble du site\u00a0<a href=\"http:\/\/www.nmmh.clinic\/\">www.nmmh.clinic<\/a>\u00a0sans pr\u00e9judice des conditions sp\u00e9cifiques qui sont r\u00e9serv\u00e9es \u00e0 certaines parties de ce site.<\/p>\r\n<h2>DISCLAIMER<\/h2>\r\n<p>Ce site internet fournit des informations sur Nepal Mountain Mobile Hospital (NMMH), ses services fournies, ses projets en cours e.a. L&#8217;information contenue sur ce site internet est fournie uniquement \u00e0 titre informatif. Nepal Mountain Mobile Hospital (NMMH)\u00a0s\u2019efforce de s\u2019assurer que le contenu de ce site internet est correct et r\u00e9guli\u00e8rement mis \u00e0 jour. Toutefois, Nepal Mountain Mobile Hospital (NMMH)\u00a0ne garantit pas le caract\u00e8re exact, fiable, ad\u00e9quat, complet et \u00e0 jour du contenu de ce site internet. Nepal Mountain Mobile Hospital (NMMH)\u00a0ne pourra en aucun cas \u00eatre tenu responsable pour quelque dommage que ce soit survenant de l&#8217;acc\u00e8s \u00e0 ou de l&#8217;utilisation de ce site internet ou de son contenu.<\/p>\r\n<h2>DROITS DE PROPRI\u00c9T\u00c9 INTELLECTUELLE<\/h2>\r\n<p>Nepal Mountain Mobile Hospital (NMMH)\u00a0est prot\u00e9g\u00e9 par les droits d\u2019auteur en ce qui concerne la maquette et le contenu de ce site internet et\/ou de ces lettres d\u2019information. Toute reproduction ou adaptation totale ou partielle de ce site internet et\/ou de ces lettres d\u2019information, quelle que soit la forme et quelle que soit l\u2019utilisation, est strictement interdite sans l\u2019accord pr\u00e9alable et \u00e9crit de Nepal Mountain Mobile Hospital (NMMH).<\/p>\r\n<h2>LIENS VERS D&#8217;AUTRES SITES<\/h2>\r\n<p>Les hyperliens vers des sites internet de tiers disponibles sur ce site internet sont fournis pour votre facilit\u00e9. Si vous d\u00e9cidez d&#8217;utiliser ces liens, vous quitterez ce site internet. Nepal Mountain Mobile Hospital (NMMH)\u00a0ne peut \u00eatre tenu responsable du contenu des sites internet de tiers.<\/p>\r\n<h2>DROIT APPLICABLE ET JURIDICTIONS COMP\u00c9TENTES<\/h2>\r\n<p>Votre acc\u00e8s et utilisation de ce site Web sont r\u00e9gis par le droit luxembourgeois. Les tribunaux de l\u2019arrondissement judiciaire de Diekirch sont seuls comp\u00e9tents pour toute dispute li\u00e9e \u00e0 l&#8217;acc\u00e8s ou \u00e0 l&#8217;utilisation de ce site Web.<\/p>\r\n<h2>COOKIES<\/h2>\r\n<p>Ce site utilise un nombre limit\u00e9 de cookies afin d&#8217;en optimaliser l&#8217;usage. Vous trouverez de plus amples informations sur l&#8217;usage des cookies sur la page Politique en mati\u00e8re de protection de la vie priv\u00e9e et de cookies.<\/p>\r\n<p>&nbsp;<\/p>\r\n<h2>POLITIQUE EN MATI\u00c8RE DE PROTECTION DE LA VIE PRIV\u00c9E ET DE COOKIES<\/h2>\r\n<p>Notre site utilise la technologie des \u201ccookies\u201d. Les cookies sont de petits fichiers que notre site installe sur votre ordinateur et qui sont indispensables pour naviguer, ou qui permettent de retenir les pr\u00e9f\u00e9rences du visiteur du site (par exemple la langue choisie) et d&#8217;am\u00e9liorer ainsi votre confort d&#8217;utilisation. D&#8217;autres cookies assurent que le site s&#8217;affiche correctement sur le plan graphique ou qu&#8217;une application internet fonctionne correctement. Si vous ne souhaitez pas que notre site installe des cookies sur votre ordinateur, vous pouvez param\u00e9trer votre navigateur de mani\u00e8re \u00e0 l&#8217;interdire mais cette option peut emp\u00eacher le fonctionnement correct ou optimal de notre site.<\/p>\r\n<p>Ce site vous donne la possibilit\u00e9 de poser des questions ou de vous abonner aux lettres d&#8217;information. Il utilise alors des cookies pour m\u00e9moriser que vous \u00eates inscrit et pour afficher certains messages qui ne sont visibles que par les utilisateurs qui sont enregistr\u00e9s.<\/p>\r\n<p>Lorsque vous communiquez vos donn\u00e9es par le biais d&#8217;un formulaire (par exemple sur notre \u00ab contact \u00bb), des cookies peuvent \u00e9galement \u00eatre sauvegard\u00e9s pour un contact ult\u00e9rieur.<\/p>\r\n<p>Afin d&#8217;optimaliser votre confort d&#8217;utilisation de ce site, nous utilisons des cookies qui m\u00e9morisent les donn\u00e9es de votre visite et de votre navigation sur notre site. Ces donn\u00e9es sont \u00e9galement utilis\u00e9es, sous une forme anonyme, pour effectuer des analyses statistiques des comportements des visiteurs de notre site. Ces informations nous permettent ainsi d&#8217;am\u00e9liorer notre site et de le rendre plus facile \u00e0 utiliser. Cette \u00e9tude statistique est strictement anonyme et nous permet de d\u00e9terminer quelles sont les pages les plus, ou les moins, visit\u00e9es et de conna\u00eetre les habitudes communes des utilisateurs de notre site. Elle constitue \u00e9galement un moyen de d\u00e9tecter les probl\u00e8mes de navigation qui peuvent \u00e9ventuellement se pr\u00e9senter sur notre site.<\/p>\r\n<p>Nous utilisons pour certaines analyses le syst\u00e8me Google Analytics. Vous pouvez le d\u00e9sactiver de plusieurs mani\u00e8res, selon le navigateur que vous utilisez (modules et extensions de tiers, blocage du site, etc.). Pour obtenir de plus amples informations sur les cookies de Google Analytics, vous pouvez consulter le site officiel de Google Analytics.<\/p>\r\n<p>Les donn\u00e9es auxquelles nous avons acc\u00e8s par le biais des cookies ne sont en aucun cas communiqu\u00e9es \u00e0 des tiers ni utilis\u00e9es \u00e0 des fins commerciales.\u00a0<\/p>\r\n","protected":false},"excerpt":{"rendered":"<p>EDITEUR RESPONSABLE Nepal Mountain Mobile Hospital\u00a0(NMMH)Pierre Soete20, rue d&#8217;Opprebais |\u00a0B-1315-Incourt | Belgiqueinfo@nmmh.clinic COPYRIGHT \u00a9 2014 Nepal Mountain Mobile Hospital, tous droits r\u00e9serv\u00e9s. Photos &amp; illustrations: \u00a9\u00a0Nepal Mountain Mobile Hospital; @Musikot 2011 L&#8217;ensemble de ce site rel\u00e8ve des l\u00e9gislations en vigueur sur les droits d&#8217;auteur et de la propri\u00e9t\u00e9 intellectuelle. Tous les textes, illustrations ou autres [&hellip;]<\/p>\n","protected":false},"author":1,"featured_media":0,"parent":1851,"menu_order":78,"comment_status":"closed","ping_status":"closed","template":"","meta":{"footnotes":""},"class_list":["post-132","page","type-page","status-publish","hentry"],"acf":[],"yoast_head":"<!-- This site is optimized with the Yoast SEO plugin v23.4 - https:\/\/yoast.com\/wordpress\/plugins\/seo\/ -->\n<title>Imprint - Nepal Mountain Mobile Hospital<\/title>\n<meta name=\"robots\" content=\"noindex, nofollow\" \/>\n<meta property=\"og:locale\" content=\"nl_NL\" \/>\n<meta property=\"og:type\" content=\"article\" \/>\n<meta property=\"og:title\" content=\"Imprint - Nepal Mountain Mobile Hospital\" \/>\n<meta property=\"og:description\" content=\"EDITEUR RESPONSABLE Nepal Mountain Mobile Hospital\u00a0(NMMH)Pierre Soete20, rue d&#8217;Opprebais |\u00a0B-1315-Incourt | Belgiqueinfo@nmmh.clinic COPYRIGHT \u00a9 2014 Nepal Mountain Mobile Hospital, tous droits r\u00e9serv\u00e9s. Photos &amp; illustrations: \u00a9\u00a0Nepal Mountain Mobile Hospital; @Musikot 2011 L&#8217;ensemble de ce site rel\u00e8ve des l\u00e9gislations en vigueur sur les droits d&#8217;auteur et de la propri\u00e9t\u00e9 intellectuelle. Tous les textes, illustrations ou autres [&hellip;]\" \/>\n<meta property=\"og:url\" content=\"https:\/\/nmmh.clinic\/nl\/contact\/imprint\/\" \/>\n<meta property=\"og:site_name\" content=\"Nepal Mountain Mobile Hospital\" \/>\n<meta property=\"article:modified_time\" content=\"2023-07-03T12:16:31+00:00\" \/>\n<meta name=\"twitter:card\" content=\"summary_large_image\" \/>\n<meta name=\"twitter:label1\" content=\"Geschatte leestijd\" \/>\n\t<meta name=\"twitter:data1\" content=\"7 minuten\" \/>\n<script type=\"application\/ld+json\" class=\"yoast-schema-graph\">{\"@context\":\"https:\/\/schema.org\",\"@graph\":[{\"@type\":\"WebPage\",\"@id\":\"https:\/\/nmmh.clinic\/nl\/contact\/imprint\/\",\"url\":\"https:\/\/nmmh.clinic\/nl\/contact\/imprint\/\",\"name\":\"Imprint - Nepal Mountain Mobile Hospital\",\"isPartOf\":{\"@id\":\"https:\/\/nmmh.clinic\/nl\/#website\"},\"datePublished\":\"2021-06-04T12:00:59+00:00\",\"dateModified\":\"2023-07-03T12:16:31+00:00\",\"breadcrumb\":{\"@id\":\"https:\/\/nmmh.clinic\/nl\/contact\/imprint\/#breadcrumb\"},\"inLanguage\":\"nl-NL\",\"potentialAction\":[{\"@type\":\"ReadAction\",\"target\":[\"https:\/\/nmmh.clinic\/nl\/contact\/imprint\/\"]}]},{\"@type\":\"BreadcrumbList\",\"@id\":\"https:\/\/nmmh.clinic\/nl\/contact\/imprint\/#breadcrumb\",\"itemListElement\":[{\"@type\":\"ListItem\",\"position\":1,\"name\":\"Home\",\"item\":\"https:\/\/nmmh.clinic\/nl\/\"},{\"@type\":\"ListItem\",\"position\":2,\"name\":\"Contact\",\"item\":\"https:\/\/nmmh.clinic\/nl\/contact\/\"},{\"@type\":\"ListItem\",\"position\":3,\"name\":\"Imprint\"}]},{\"@type\":\"WebSite\",\"@id\":\"https:\/\/nmmh.clinic\/nl\/#website\",\"url\":\"https:\/\/nmmh.clinic\/nl\/\",\"name\":\"Nepal Mountain Mobile Hospital\",\"description\":\"\",\"publisher\":{\"@id\":\"https:\/\/nmmh.clinic\/nl\/#organization\"},\"potentialAction\":[{\"@type\":\"SearchAction\",\"target\":{\"@type\":\"EntryPoint\",\"urlTemplate\":\"https:\/\/nmmh.clinic\/nl\/?s={search_term_string}\"},\"query-input\":{\"@type\":\"PropertyValueSpecification\",\"valueRequired\":true,\"valueName\":\"search_term_string\"}}],\"inLanguage\":\"nl-NL\"},{\"@type\":\"Organization\",\"@id\":\"https:\/\/nmmh.clinic\/nl\/#organization\",\"name\":\"N\u00e9pal Mountain Mobile Hospital\",\"url\":\"https:\/\/nmmh.clinic\/nl\/\",\"logo\":{\"@type\":\"ImageObject\",\"inLanguage\":\"nl-NL\",\"@id\":\"https:\/\/nmmh.clinic\/nl\/#\/schema\/logo\/image\/\",\"url\":\"https:\/\/nmmh.clinic\/wp-content\/uploads\/2023\/06\/nmmh_logo.svg\",\"contentUrl\":\"https:\/\/nmmh.clinic\/wp-content\/uploads\/2023\/06\/nmmh_logo.svg\",\"width\":1,\"height\":1,\"caption\":\"N\u00e9pal Mountain Mobile Hospital\"},\"image\":{\"@id\":\"https:\/\/nmmh.clinic\/nl\/#\/schema\/logo\/image\/\"}}]}<\/script>\n<!-- \/ Yoast SEO plugin. -->","yoast_head_json":{"title":"Imprint - Nepal Mountain Mobile Hospital","robots":{"index":"noindex","follow":"nofollow"},"og_locale":"nl_NL","og_type":"article","og_title":"Imprint - Nepal Mountain Mobile Hospital","og_description":"EDITEUR RESPONSABLE Nepal Mountain Mobile Hospital\u00a0(NMMH)Pierre Soete20, rue d&#8217;Opprebais |\u00a0B-1315-Incourt | Belgiqueinfo@nmmh.clinic COPYRIGHT \u00a9 2014 Nepal Mountain Mobile Hospital, tous droits r\u00e9serv\u00e9s. Photos &amp; illustrations: \u00a9\u00a0Nepal Mountain Mobile Hospital; @Musikot 2011 L&#8217;ensemble de ce site rel\u00e8ve des l\u00e9gislations en vigueur sur les droits d&#8217;auteur et de la propri\u00e9t\u00e9 intellectuelle. Tous les textes, illustrations ou autres [&hellip;]","og_url":"https:\/\/nmmh.clinic\/nl\/contact\/imprint\/","og_site_name":"Nepal Mountain Mobile Hospital","article_modified_time":"2023-07-03T12:16:31+00:00","twitter_card":"summary_large_image","twitter_misc":{"Geschatte leestijd":"7 minuten"},"schema":{"@context":"https:\/\/schema.org","@graph":[{"@type":"WebPage","@id":"https:\/\/nmmh.clinic\/nl\/contact\/imprint\/","url":"https:\/\/nmmh.clinic\/nl\/contact\/imprint\/","name":"Imprint - Nepal Mountain Mobile Hospital","isPartOf":{"@id":"https:\/\/nmmh.clinic\/nl\/#website"},"datePublished":"2021-06-04T12:00:59+00:00","dateModified":"2023-07-03T12:16:31+00:00","breadcrumb":{"@id":"https:\/\/nmmh.clinic\/nl\/contact\/imprint\/#breadcrumb"},"inLanguage":"nl-NL","potentialAction":[{"@type":"ReadAction","target":["https:\/\/nmmh.clinic\/nl\/contact\/imprint\/"]}]},{"@type":"BreadcrumbList","@id":"https:\/\/nmmh.clinic\/nl\/contact\/imprint\/#breadcrumb","itemListElement":[{"@type":"ListItem","position":1,"name":"Home","item":"https:\/\/nmmh.clinic\/nl\/"},{"@type":"ListItem","position":2,"name":"Contact","item":"https:\/\/nmmh.clinic\/nl\/contact\/"},{"@type":"ListItem","position":3,"name":"Imprint"}]},{"@type":"WebSite","@id":"https:\/\/nmmh.clinic\/nl\/#website","url":"https:\/\/nmmh.clinic\/nl\/","name":"Nepal Mountain Mobile Hospital","description":"","publisher":{"@id":"https:\/\/nmmh.clinic\/nl\/#organization"},"potentialAction":[{"@type":"SearchAction","target":{"@type":"EntryPoint","urlTemplate":"https:\/\/nmmh.clinic\/nl\/?s={search_term_string}"},"query-input":{"@type":"PropertyValueSpecification","valueRequired":true,"valueName":"search_term_string"}}],"inLanguage":"nl-NL"},{"@type":"Organization","@id":"https:\/\/nmmh.clinic\/nl\/#organization","name":"N\u00e9pal Mountain Mobile Hospital","url":"https:\/\/nmmh.clinic\/nl\/","logo":{"@type":"ImageObject","inLanguage":"nl-NL","@id":"https:\/\/nmmh.clinic\/nl\/#\/schema\/logo\/image\/","url":"https:\/\/nmmh.clinic\/wp-content\/uploads\/2023\/06\/nmmh_logo.svg","contentUrl":"https:\/\/nmmh.clinic\/wp-content\/uploads\/2023\/06\/nmmh_logo.svg","width":1,"height":1,"caption":"N\u00e9pal Mountain Mobile Hospital"},"image":{"@id":"https:\/\/nmmh.clinic\/nl\/#\/schema\/logo\/image\/"}}]}},"_links":{"self":[{"href":"https:\/\/nmmh.clinic\/nl\/wp-json\/wp\/v2\/pages\/132","targetHints":{"allow":["GET"]}}],"collection":[{"href":"https:\/\/nmmh.clinic\/nl\/wp-json\/wp\/v2\/pages"}],"about":[{"href":"https:\/\/nmmh.clinic\/nl\/wp-json\/wp\/v2\/types\/page"}],"author":[{"embeddable":true,"href":"https:\/\/nmmh.clinic\/nl\/wp-json\/wp\/v2\/users\/1"}],"replies":[{"embeddable":true,"href":"https:\/\/nmmh.clinic\/nl\/wp-json\/wp\/v2\/comments?post=132"}],"version-history":[{"count":5,"href":"https:\/\/nmmh.clinic\/nl\/wp-json\/wp\/v2\/pages\/132\/revisions"}],"predecessor-version":[{"id":1976,"href":"https:\/\/nmmh.clinic\/nl\/wp-json\/wp\/v2\/pages\/132\/revisions\/1976"}],"up":[{"embeddable":true,"href":"https:\/\/nmmh.clinic\/nl\/wp-json\/wp\/v2\/pages\/1851"}],"wp:attachment":[{"href":"https:\/\/nmmh.clinic\/nl\/wp-json\/wp\/v2\/media?parent=132"}],"curies":[{"name":"wp","href":"https:\/\/api.w.org\/{rel}","templated":true}]}}