{"id":1889,"date":"2023-06-28T08:14:26","date_gmt":"2023-06-28T08:14:26","guid":{"rendered":"https:\/\/nmmh.clinic\/presentatie\/pourquoi-un-hopital-mobile\/"},"modified":"2023-07-03T12:04:33","modified_gmt":"2023-07-03T12:04:33","slug":"waarom-een-mobiel-hospitaal","status":"publish","type":"page","link":"https:\/\/nmmh.clinic\/nl\/presentatie\/waarom-een-mobiel-hospitaal\/","title":{"rendered":"Waarom een mobiel hospitaal ?"},"content":{"rendered":"<p>Gezondheid en opvoeding zijn de twee essenti\u00eble factoren voor de ontwikkeling van een bevolking. Door de geografische ligging van Nepal in het hart van de Himalaya blijft de toegang tot de gezondheidszorg en opvoeding zeer moeilijk. Vandaag heeft Kathmandu en de grote zuidelijke steden (vlakte van Tera\u00ef) zekere faciliteiten op dat gebied. Maar de afgelegen en de zeer arme bergstreken blijven benadeeld. Er zijn geen of weinig toegangswegen en deze zijn dikwijl in zeer slechte staat of ontoegankelijk want de moesson gaat daar erg tekeer in de zomer.<\/p>\n<p>Sinds 2000 heeft\u00a0<strong>Dokter Pierre Soete<\/strong>, orthopedisch chirurg en traumatoloog, zich persoonlijk en op vrijwillige basis ingezet voor de ontwikkeling van een orthopedisch hospitaal in Kathmandu (bouw van het hospitaal en opleiding van chirurgen).<\/p>\n<p>Dit hospitaal met uitsluitend Nepalees personeel werd autonoom gefinancierd. In het kader van de activiteiten van dat hospitaal heeft hij de gelegenheid gehad om meerdere keren, met de hulp van een Nepalese dokter, dokter Mingmar Gyalzen Sherpa, \u201corthopedische kampen\u201d te organiseren in de afgelegen gebieden van Nepal en heeft er zich zo rekenschap van kunnen geven van het gebrek aan gespecialiseerde gezondheidszorg voor deze arme bevolking. De pati\u00ebnten moeten soms meer dan vijf dagen stappen om kleine gezondheidsposten of kleine hospitalen te bereiken, die over het algemeen slechts over een gezondheidsagent, \u00e9\u00e9n verpleegster en in het beste geval \u00e9\u00e9n huisarts beschikken.<\/p>\n<p>Bovendien zijn ze financieel niet bij machte om de hoofdstad of de grote steden van Zuid-Nepal te bereiken om er gespecialiseerde zorgen te krijgen. Gezondheid en opvoeding blijven nochtans de twee broodnodige factoren voor de ontwikkeling van een land.<\/p>\n<p>Tuberculose, poliomyelitis, ost\u00e9omyelitis (botinfectie), baarmoederverzakking, enz\u2026 zijn ziektes die rechtstreeks verbonden zijn met armoede.\u00a037% van de bevolking is minder dan 14 jaar. Vandaag sterven nog 3,5% van de kinderen voor de leeftijd van 1 jaar(tijdens hun eerste levensjaar).<\/p>\n<p>Een groot aantal kinderen vertoont gevolgen van breuken of brandwonden. Nationale statistieken tonen dat 10% tot 12% van de bevolking die getroffen zijn door \u00e9\u00e9n van die ziektes of een fysieke handicap. De meeste hospitalen en gespecialiseerde dokters zijn gelokaliseerd in de grote steden. Kathmandu telt \u00e9\u00e9n dokter voor 850 inwoners en in de afgelegen gebieden telt men \u00e9\u00e9n dokter voor 145.000 inwoners.<\/p>\n<p>Het is in 2009 dat we begonnen zijn om die afgelegen gebieden toegang te verlenen tot een algemene geneeskunde en een gespecialiseerde kwaliteitszorg door de oprichting van een Mobiel hospitaal. Inderdaad dankzij een tussenkomst van 120.000\u20ac van het Ministerie van Belgische Samenwerking hebben we het nodige materiaal kunnen kopen om onze actie te starten.<\/p>\n","protected":false},"excerpt":{"rendered":"<p>Gezondheid en opvoeding zijn de twee essenti\u00eble factoren voor de ontwikkeling van een bevolking. Door de geografische ligging van Nepal in het hart van de Himalaya blijft de toegang tot de gezondheidszorg en opvoeding zeer moeilijk. Vandaag heeft Kathmandu en de grote zuidelijke steden (vlakte van Tera\u00ef) zekere faciliteiten op dat gebied. Maar de afgelegen [&hellip;]<\/p>\n","protected":false},"author":1,"featured_media":0,"parent":2201,"menu_order":36,"comment_status":"closed","ping_status":"closed","template":"page-default.php","meta":{"footnotes":""},"class_list":["post-1889","page","type-page","status-publish","hentry"],"acf":[],"yoast_head":"<!-- This site is optimized with the Yoast SEO plugin v23.4 - https:\/\/yoast.com\/wordpress\/plugins\/seo\/ -->\n<title>Waarom een mobiel hospitaal ? - Nepal Mountain Mobile Hospital<\/title>\n<meta name=\"robots\" content=\"index, follow, max-snippet:-1, max-image-preview:large, max-video-preview:-1\" \/>\n<link rel=\"canonical\" href=\"https:\/\/nmmh.clinic\/nl\/presentatie\/waarom-een-mobiel-hospitaal\/\" \/>\n<meta property=\"og:locale\" content=\"nl_NL\" \/>\n<meta property=\"og:type\" content=\"article\" \/>\n<meta property=\"og:title\" content=\"Waarom een mobiel hospitaal ? - Nepal Mountain Mobile Hospital\" \/>\n<meta property=\"og:description\" content=\"Gezondheid en opvoeding zijn de twee essenti\u00eble factoren voor de ontwikkeling van een bevolking. Door de geografische ligging van Nepal in het hart van de Himalaya blijft de toegang tot de gezondheidszorg en opvoeding zeer moeilijk. Vandaag heeft Kathmandu en de grote zuidelijke steden (vlakte van Tera\u00ef) zekere faciliteiten op dat gebied. Maar de afgelegen [&hellip;]\" \/>\n<meta property=\"og:url\" content=\"https:\/\/nmmh.clinic\/nl\/presentatie\/waarom-een-mobiel-hospitaal\/\" \/>\n<meta property=\"og:site_name\" content=\"Nepal Mountain Mobile Hospital\" \/>\n<meta property=\"article:modified_time\" content=\"2023-07-03T12:04:33+00:00\" \/>\n<meta name=\"twitter:card\" content=\"summary_large_image\" \/>\n<meta name=\"twitter:label1\" content=\"Geschatte leestijd\" \/>\n\t<meta name=\"twitter:data1\" content=\"3 minuten\" \/>\n<script type=\"application\/ld+json\" class=\"yoast-schema-graph\">{\"@context\":\"https:\/\/schema.org\",\"@graph\":[{\"@type\":\"WebPage\",\"@id\":\"https:\/\/nmmh.clinic\/nl\/presentatie\/waarom-een-mobiel-hospitaal\/\",\"url\":\"https:\/\/nmmh.clinic\/nl\/presentatie\/waarom-een-mobiel-hospitaal\/\",\"name\":\"Waarom een mobiel hospitaal ? - Nepal Mountain Mobile Hospital\",\"isPartOf\":{\"@id\":\"https:\/\/nmmh.clinic\/nl\/#website\"},\"datePublished\":\"2023-06-28T08:14:26+00:00\",\"dateModified\":\"2023-07-03T12:04:33+00:00\",\"breadcrumb\":{\"@id\":\"https:\/\/nmmh.clinic\/nl\/presentatie\/waarom-een-mobiel-hospitaal\/#breadcrumb\"},\"inLanguage\":\"nl-NL\",\"potentialAction\":[{\"@type\":\"ReadAction\",\"target\":[\"https:\/\/nmmh.clinic\/nl\/presentatie\/waarom-een-mobiel-hospitaal\/\"]}]},{\"@type\":\"BreadcrumbList\",\"@id\":\"https:\/\/nmmh.clinic\/nl\/presentatie\/waarom-een-mobiel-hospitaal\/#breadcrumb\",\"itemListElement\":[{\"@type\":\"ListItem\",\"position\":1,\"name\":\"Home\",\"item\":\"https:\/\/nmmh.clinic\/nl\/\"},{\"@type\":\"ListItem\",\"position\":2,\"name\":\"Presentatie\",\"item\":\"https:\/\/nmmh.clinic\/nl\/presentatie\/\"},{\"@type\":\"ListItem\",\"position\":3,\"name\":\"Waarom een mobiel hospitaal ?\"}]},{\"@type\":\"WebSite\",\"@id\":\"https:\/\/nmmh.clinic\/nl\/#website\",\"url\":\"https:\/\/nmmh.clinic\/nl\/\",\"name\":\"Nepal Mountain Mobile Hospital\",\"description\":\"\",\"publisher\":{\"@id\":\"https:\/\/nmmh.clinic\/nl\/#organization\"},\"potentialAction\":[{\"@type\":\"SearchAction\",\"target\":{\"@type\":\"EntryPoint\",\"urlTemplate\":\"https:\/\/nmmh.clinic\/nl\/?s={search_term_string}\"},\"query-input\":{\"@type\":\"PropertyValueSpecification\",\"valueRequired\":true,\"valueName\":\"search_term_string\"}}],\"inLanguage\":\"nl-NL\"},{\"@type\":\"Organization\",\"@id\":\"https:\/\/nmmh.clinic\/nl\/#organization\",\"name\":\"N\u00e9pal Mountain Mobile Hospital\",\"url\":\"https:\/\/nmmh.clinic\/nl\/\",\"logo\":{\"@type\":\"ImageObject\",\"inLanguage\":\"nl-NL\",\"@id\":\"https:\/\/nmmh.clinic\/nl\/#\/schema\/logo\/image\/\",\"url\":\"https:\/\/nmmh.clinic\/wp-content\/uploads\/2023\/06\/nmmh_logo.svg\",\"contentUrl\":\"https:\/\/nmmh.clinic\/wp-content\/uploads\/2023\/06\/nmmh_logo.svg\",\"width\":1,\"height\":1,\"caption\":\"N\u00e9pal Mountain Mobile Hospital\"},\"image\":{\"@id\":\"https:\/\/nmmh.clinic\/nl\/#\/schema\/logo\/image\/\"}}]}<\/script>\n<!-- \/ Yoast SEO plugin. -->","yoast_head_json":{"title":"Waarom een mobiel hospitaal ? - Nepal Mountain Mobile Hospital","robots":{"index":"index","follow":"follow","max-snippet":"max-snippet:-1","max-image-preview":"max-image-preview:large","max-video-preview":"max-video-preview:-1"},"canonical":"https:\/\/nmmh.clinic\/nl\/presentatie\/waarom-een-mobiel-hospitaal\/","og_locale":"nl_NL","og_type":"article","og_title":"Waarom een mobiel hospitaal ? - Nepal Mountain Mobile Hospital","og_description":"Gezondheid en opvoeding zijn de twee essenti\u00eble factoren voor de ontwikkeling van een bevolking. Door de geografische ligging van Nepal in het hart van de Himalaya blijft de toegang tot de gezondheidszorg en opvoeding zeer moeilijk. Vandaag heeft Kathmandu en de grote zuidelijke steden (vlakte van Tera\u00ef) zekere faciliteiten op dat gebied. Maar de afgelegen [&hellip;]","og_url":"https:\/\/nmmh.clinic\/nl\/presentatie\/waarom-een-mobiel-hospitaal\/","og_site_name":"Nepal Mountain Mobile Hospital","article_modified_time":"2023-07-03T12:04:33+00:00","twitter_card":"summary_large_image","twitter_misc":{"Geschatte leestijd":"3 minuten"},"schema":{"@context":"https:\/\/schema.org","@graph":[{"@type":"WebPage","@id":"https:\/\/nmmh.clinic\/nl\/presentatie\/waarom-een-mobiel-hospitaal\/","url":"https:\/\/nmmh.clinic\/nl\/presentatie\/waarom-een-mobiel-hospitaal\/","name":"Waarom een mobiel hospitaal ? - Nepal Mountain Mobile Hospital","isPartOf":{"@id":"https:\/\/nmmh.clinic\/nl\/#website"},"datePublished":"2023-06-28T08:14:26+00:00","dateModified":"2023-07-03T12:04:33+00:00","breadcrumb":{"@id":"https:\/\/nmmh.clinic\/nl\/presentatie\/waarom-een-mobiel-hospitaal\/#breadcrumb"},"inLanguage":"nl-NL","potentialAction":[{"@type":"ReadAction","target":["https:\/\/nmmh.clinic\/nl\/presentatie\/waarom-een-mobiel-hospitaal\/"]}]},{"@type":"BreadcrumbList","@id":"https:\/\/nmmh.clinic\/nl\/presentatie\/waarom-een-mobiel-hospitaal\/#breadcrumb","itemListElement":[{"@type":"ListItem","position":1,"name":"Home","item":"https:\/\/nmmh.clinic\/nl\/"},{"@type":"ListItem","position":2,"name":"Presentatie","item":"https:\/\/nmmh.clinic\/nl\/presentatie\/"},{"@type":"ListItem","position":3,"name":"Waarom een mobiel hospitaal ?"}]},{"@type":"WebSite","@id":"https:\/\/nmmh.clinic\/nl\/#website","url":"https:\/\/nmmh.clinic\/nl\/","name":"Nepal Mountain Mobile Hospital","description":"","publisher":{"@id":"https:\/\/nmmh.clinic\/nl\/#organization"},"potentialAction":[{"@type":"SearchAction","target":{"@type":"EntryPoint","urlTemplate":"https:\/\/nmmh.clinic\/nl\/?s={search_term_string}"},"query-input":{"@type":"PropertyValueSpecification","valueRequired":true,"valueName":"search_term_string"}}],"inLanguage":"nl-NL"},{"@type":"Organization","@id":"https:\/\/nmmh.clinic\/nl\/#organization","name":"N\u00e9pal Mountain Mobile Hospital","url":"https:\/\/nmmh.clinic\/nl\/","logo":{"@type":"ImageObject","inLanguage":"nl-NL","@id":"https:\/\/nmmh.clinic\/nl\/#\/schema\/logo\/image\/","url":"https:\/\/nmmh.clinic\/wp-content\/uploads\/2023\/06\/nmmh_logo.svg","contentUrl":"https:\/\/nmmh.clinic\/wp-content\/uploads\/2023\/06\/nmmh_logo.svg","width":1,"height":1,"caption":"N\u00e9pal Mountain Mobile Hospital"},"image":{"@id":"https:\/\/nmmh.clinic\/nl\/#\/schema\/logo\/image\/"}}]}},"_links":{"self":[{"href":"https:\/\/nmmh.clinic\/nl\/wp-json\/wp\/v2\/pages\/1889","targetHints":{"allow":["GET"]}}],"collection":[{"href":"https:\/\/nmmh.clinic\/nl\/wp-json\/wp\/v2\/pages"}],"about":[{"href":"https:\/\/nmmh.clinic\/nl\/wp-json\/wp\/v2\/types\/page"}],"author":[{"embeddable":true,"href":"https:\/\/nmmh.clinic\/nl\/wp-json\/wp\/v2\/users\/1"}],"replies":[{"embeddable":true,"href":"https:\/\/nmmh.clinic\/nl\/wp-json\/wp\/v2\/comments?post=1889"}],"version-history":[{"count":2,"href":"https:\/\/nmmh.clinic\/nl\/wp-json\/wp\/v2\/pages\/1889\/revisions"}],"predecessor-version":[{"id":1942,"href":"https:\/\/nmmh.clinic\/nl\/wp-json\/wp\/v2\/pages\/1889\/revisions\/1942"}],"up":[{"embeddable":true,"href":"https:\/\/nmmh.clinic\/nl\/wp-json\/wp\/v2\/pages\/2201"}],"wp:attachment":[{"href":"https:\/\/nmmh.clinic\/nl\/wp-json\/wp\/v2\/media?parent=1889"}],"curies":[{"name":"wp","href":"https:\/\/api.w.org\/{rel}","templated":true}]}}