{"id":1914,"date":"2023-06-28T08:14:43","date_gmt":"2023-06-28T08:14:43","guid":{"rendered":"https:\/\/nmmh.clinic\/presentatie\/structure-equipe\/"},"modified":"2023-07-03T12:05:49","modified_gmt":"2023-07-03T12:05:49","slug":"structuur-team","status":"publish","type":"page","link":"https:\/\/nmmh.clinic\/nl\/presentatie\/structuur-team\/","title":{"rendered":"Structuur en team"},"content":{"rendered":"<div class=\"sfContentBlock\">\n<p>Wat betreft de sanitaire omstandigheden in de afgelegen gebieden, was de oprichting van een \u201cMobiel Hospitaal\u201d met hulp voor hygi\u00ebne, algemene en gespecialiseerde zorgen, volledig op zijn plaats.<br \/>\nHuisartsen en specialisten behandelen verschillende ziektes, met medische of chirurgische ingrepen. De zorgen zijn volledig gratis voor deze zeer arme bevolking.<\/p>\n<p>Een kamp van vijf dagen activiteit laat dikwijls toe om meer dan 1000 pati\u00ebnten te zien en tussen de 50 en de 75 chirurgische ingrepen te doen. De nazorg wordt verzekerd door een medische ploeg die de nodige tijd ter plaatse blijft.<\/p>\n<p>De mobiele eenheid verplaatst zich momenteel een twaalftal keer per jaar. Al het verzorgende en technisch personeel dat aan deze kampen deelnemen, hebben de ervaring om ze effici\u00ebnt te optimaliseren.<\/p>\n<p>Wij maken van de gelegenheid ook gebruik om bijkomende scholing te verschaffen aan het lokaal medisch personeel. Vandaag focussen wij onze acties op de meest afgelegen gebieden van Nepal, daar waar de toegankelijkheid tot verzorging niet bestaat.<\/p>\n<p>Het spreekt voor zich dat dit een perfecte organisatie vereist, zowel voor het team als voor de logistiek.<br \/>\nDie afgelegen gebieden bereiken hebben nood aan verschillende middelen &#8211; voertuigen, kleine vliegtuigen of helikopters \u2013 en eindigen dikwijls op een dag stappen met materiaal op de rug, yaks of muilezels.<\/p>\n<p>Het gewicht van al het\u00a0<strong>materiaal\u00a0<\/strong>voor \u00e9\u00e9n kamp bedraagt momenteel ongeveer 750kg:<\/p>\n<ul>\n<li>Verdovingstoestel, mo nitors, klein verdovingsmateriaal<\/li>\n<li>Secretie-afzuigers<\/li>\n<li>Operatietafels<\/li>\n<li>Elektrische scalpels<\/li>\n<li>Operatielamp<\/li>\n<li>Al het chirurgisch materiaal en eventuele inplanten<\/li>\n<li>Operatiedoeken en hemden<\/li>\n<li>Radialogietoestel<\/li>\n<li>Ultrasoontoestel<\/li>\n<li>Labomateriaal voor bloedanalyse<\/li>\n<li>Autoclaaf voor sterilisatie van het materiaal en de operatie<\/li>\n<li>Elektrische generator en elektrisch materiaal<\/li>\n<li>Een volledige apotheek zowel voor de pati\u00ebnten op consultatie als voor de geopereerde pati\u00ebnten (infuus, spuiten, ampules, gipsverband)<\/li>\n<\/ul>\n<p>Het \u201c<strong>type<\/strong>\u201d\u00a0<strong>team\u00a0<\/strong>dat zich verplaatst voor een kamp in afgelegen gebied bestaat uit ongeveer 10 personen:<\/p>\n<ul>\n<li>1 anesthesist<\/li>\n<li>1 chirurg (gynaecoloog, oogarts, orthopedisttraumatoloog)<\/li>\n<li>1 huisarts<\/li>\n<li>2 verpleegsters<\/li>\n<li>1 radioloogtechnicus<\/li>\n<li>1 logisticus<\/li>\n<li>2 techniekers<\/li>\n<\/ul>\n<p><strong>Het Mobile Unit<\/strong>\u00a0maakt deel uit van de Nepalese NGO : \u00a0Himalaya Health &amp; Education (HHE) waarvan de bestuursraad samengesteld is uit oudere dokters, advocaten, boekhouders, ervaren personeel voor lucht- en logistiek transport.<\/p>\n<p>Het Mobiel Hospitaal is erkend door het Ministerie van Gezondheid van Nepal aan wie we regelmatig verslag uitbrengen.<\/p>\n<\/div>\n<div class=\"structure\">\n<h1>Structuur &amp; Ploeg<\/h1>\n<p>Dans ce contexte sanitaire des r\u00e9gions recul\u00e9es du N\u00e9pal, la cr\u00e9ation d\u2019un H\u00f4pital Mobile apportant une \u00e9ducation \u00e0 l\u2019hygi\u00e8ne, des soins g\u00e9n\u00e9raux et sp\u00e9cialis\u00e9s a toute sa place. Des m\u00e9decins g\u00e9n\u00e9ralistes et sp\u00e9cialistes traitent des maladies diverses, m\u00e9dicales ou chirurgicales. Les soins sont totalement gratuits pour cette population tr\u00e8s pauvre.<\/p>\n<p>Un camp de 5 jours d\u2019activit\u00e9 permet de voir souvent plus de 1.000 patients en consultation et de r\u00e9aliser entre 50 et 75 interventions chirurgicales. Le suivi est assur\u00e9 par un m\u00e9dical restant le temps n\u00e9cessaire sur place.<\/p>\n<p>L\u2019unit\u00e9 mobile se d\u00e9place aujourd\u2019hui une douzaine de fois par an. Tout le personnel soignant et technique participant \u00e0 ces camps poss\u00e8de l\u2019exp\u00e9rience de tels camps afin d\u2019en optimaliser l\u2019efficacit\u00e9. Nous profitons \u00e9galement de l\u2019occasion pour apporter des compl\u00e9ments de formation au personnel m\u00e9dical local (m\u00e9decin, infirmi\u00e8re, agent de sant\u00e9,&#8230;). Nous focalisons aujourd\u2019hui notre action dans les r\u00e9gions les plus recul\u00e9es du N\u00e9pal, l\u00e0 o\u00f9 l\u2019acc\u00e8s aux soins n\u2019existe pas.<\/p>\n<p>Il est \u00e9vident que ceci n\u00e9cessite une excellente organisation, tant sur le plan de l\u2019\u00e9quipe que de la logistique. Atteindre ces r\u00e9gions recul\u00e9es n\u00e9cessite plusieurs types de moyens de locomotion: v\u00e9hicule routier, petit avion ou h\u00e9licopt\u00e8re, et souvent terminer par une journ\u00e9e de marche o\u00f9 le mat\u00e9riel est port\u00e9 \u00e0 dos d\u2019hommes, de yaks ou de mules.<\/p>\n<p>Le poids de l\u2019ensemble du\u00a0<strong>mat\u00e9riel\u00a0<\/strong>pour un camp se situe aujourd\u2019hui aux environs de 750 kg:<\/p>\n<ul>\n<li>appareil d\u2019anesth\u00e9sie, monitoring, petit mat\u00e9riel d\u2019anesth\u00e9sie<\/li>\n<li>aspirateur de s\u00e9cr\u00e9tions<\/li>\n<li>table d\u2019op\u00e9ration<\/li>\n<li>lampe op\u00e9ratoire<\/li>\n<li>bistouri \u00e9lectrique<\/li>\n<li>tout le mat\u00e9riel chirurgical et implants \u00e9ventuels<\/li>\n<li>champs et blouses op\u00e9ratoires en tissu<\/li>\n<li>appareil de radiologie<\/li>\n<li>appareil ultrasons<\/li>\n<li>mat\u00e9riel de laboratoire pour analyses sanguines<\/li>\n<li>autoclave pour la st\u00e9rilisation du mat\u00e9riel et des champs op\u00e9ratoires<\/li>\n<li>g\u00e9n\u00e9rateur d\u2019\u00e9lectricit\u00e9 et mat\u00e9riel \u00e9lectrique<\/li>\n<li>une pharmacie compl\u00e8te tant pour les patients des consultations que les patients op\u00e9r\u00e9s (perfusions, seringues, ampoules, bandes pl\u00e2tr\u00e9es,&#8230;).<\/li>\n<\/ul>\n<p><strong>L\u2019\u00e9quipe\u00a0<\/strong>\u00ab type \u00bb se d\u00e9pla\u00e7ant pour un camp chirurgical en r\u00e9gion recul\u00e9e se compose d\u2019environ 10 personnes:<\/p>\n<ul>\n<li>1 m\u00e9decin anesth\u00e9siste<\/li>\n<li>1 chirurgien (gyn\u00e9cologue, ophtalmologue, orthop\u00e9diste-traumatologue,\u2026)<\/li>\n<li>1 m\u00e9decin g\u00e9n\u00e9raliste<\/li>\n<li>2 infirmi\u00e8res<\/li>\n<li>1 technicien radiologie<\/li>\n<li>1 technicien laboratoire<\/li>\n<li>1 logisticien<\/li>\n<li>2 techniciens<\/li>\n<\/ul>\n<p><strong>L\u2019H\u00f4pital Mobile (Nepal Mountain Mobile Hospital Unit)<\/strong>\u00a0fait partie de l\u2019ONG n\u00e9palaise HHE (Himalayan Health &amp;Education) dont le conseil d\u2019administration se compose de m\u00e9decins seniors, avocats, banquiers, comptables, professionnels de transport a\u00e9rien et de logistique.<\/p>\n<p>L\u2019H\u00f4pital Mobile est reconnu par le Minist\u00e8re de la Sant\u00e9 n\u00e9palais auquel nous rendons r\u00e9guli\u00e8rement rapport.<\/p>\n<\/div>\n","protected":false},"excerpt":{"rendered":"<p>Wat betreft de sanitaire omstandigheden in de afgelegen gebieden, was de oprichting van een \u201cMobiel Hospitaal\u201d met hulp voor hygi\u00ebne, algemene en gespecialiseerde zorgen, volledig op zijn plaats. Huisartsen en specialisten behandelen verschillende ziektes, met medische of chirurgische ingrepen. De zorgen zijn volledig gratis voor deze zeer arme bevolking. Een kamp van vijf dagen activiteit [&hellip;]<\/p>\n","protected":false},"author":1,"featured_media":0,"parent":2201,"menu_order":42,"comment_status":"closed","ping_status":"closed","template":"page-default.php","meta":{"footnotes":""},"class_list":["post-1914","page","type-page","status-publish","hentry"],"acf":[],"yoast_head":"<!-- This site is optimized with the Yoast SEO plugin v23.4 - https:\/\/yoast.com\/wordpress\/plugins\/seo\/ -->\n<title>Structuur en team - Nepal Mountain Mobile Hospital<\/title>\n<meta name=\"robots\" content=\"index, follow, max-snippet:-1, max-image-preview:large, max-video-preview:-1\" \/>\n<link rel=\"canonical\" href=\"https:\/\/nmmh.clinic\/nl\/presentatie\/structuur-team\/\" \/>\n<meta property=\"og:locale\" content=\"nl_NL\" \/>\n<meta property=\"og:type\" content=\"article\" \/>\n<meta property=\"og:title\" content=\"Structuur en team - Nepal Mountain Mobile Hospital\" \/>\n<meta property=\"og:description\" content=\"Wat betreft de sanitaire omstandigheden in de afgelegen gebieden, was de oprichting van een \u201cMobiel Hospitaal\u201d met hulp voor hygi\u00ebne, algemene en gespecialiseerde zorgen, volledig op zijn plaats. Huisartsen en specialisten behandelen verschillende ziektes, met medische of chirurgische ingrepen. De zorgen zijn volledig gratis voor deze zeer arme bevolking. Een kamp van vijf dagen activiteit [&hellip;]\" \/>\n<meta property=\"og:url\" content=\"https:\/\/nmmh.clinic\/nl\/presentatie\/structuur-team\/\" \/>\n<meta property=\"og:site_name\" content=\"Nepal Mountain Mobile Hospital\" \/>\n<meta property=\"article:modified_time\" content=\"2023-07-03T12:05:49+00:00\" \/>\n<meta name=\"twitter:card\" content=\"summary_large_image\" \/>\n<meta name=\"twitter:label1\" content=\"Geschatte leestijd\" \/>\n\t<meta name=\"twitter:data1\" content=\"4 minuten\" \/>\n<script type=\"application\/ld+json\" class=\"yoast-schema-graph\">{\"@context\":\"https:\/\/schema.org\",\"@graph\":[{\"@type\":\"WebPage\",\"@id\":\"https:\/\/nmmh.clinic\/nl\/presentatie\/structuur-team\/\",\"url\":\"https:\/\/nmmh.clinic\/nl\/presentatie\/structuur-team\/\",\"name\":\"Structuur en team - Nepal Mountain Mobile Hospital\",\"isPartOf\":{\"@id\":\"https:\/\/nmmh.clinic\/nl\/#website\"},\"datePublished\":\"2023-06-28T08:14:43+00:00\",\"dateModified\":\"2023-07-03T12:05:49+00:00\",\"breadcrumb\":{\"@id\":\"https:\/\/nmmh.clinic\/nl\/presentatie\/structuur-team\/#breadcrumb\"},\"inLanguage\":\"nl-NL\",\"potentialAction\":[{\"@type\":\"ReadAction\",\"target\":[\"https:\/\/nmmh.clinic\/nl\/presentatie\/structuur-team\/\"]}]},{\"@type\":\"BreadcrumbList\",\"@id\":\"https:\/\/nmmh.clinic\/nl\/presentatie\/structuur-team\/#breadcrumb\",\"itemListElement\":[{\"@type\":\"ListItem\",\"position\":1,\"name\":\"Home\",\"item\":\"https:\/\/nmmh.clinic\/nl\/\"},{\"@type\":\"ListItem\",\"position\":2,\"name\":\"Presentatie\",\"item\":\"https:\/\/nmmh.clinic\/nl\/presentatie\/\"},{\"@type\":\"ListItem\",\"position\":3,\"name\":\"Structuur en team\"}]},{\"@type\":\"WebSite\",\"@id\":\"https:\/\/nmmh.clinic\/nl\/#website\",\"url\":\"https:\/\/nmmh.clinic\/nl\/\",\"name\":\"Nepal Mountain Mobile Hospital\",\"description\":\"\",\"publisher\":{\"@id\":\"https:\/\/nmmh.clinic\/nl\/#organization\"},\"potentialAction\":[{\"@type\":\"SearchAction\",\"target\":{\"@type\":\"EntryPoint\",\"urlTemplate\":\"https:\/\/nmmh.clinic\/nl\/?s={search_term_string}\"},\"query-input\":{\"@type\":\"PropertyValueSpecification\",\"valueRequired\":true,\"valueName\":\"search_term_string\"}}],\"inLanguage\":\"nl-NL\"},{\"@type\":\"Organization\",\"@id\":\"https:\/\/nmmh.clinic\/nl\/#organization\",\"name\":\"N\u00e9pal Mountain Mobile Hospital\",\"url\":\"https:\/\/nmmh.clinic\/nl\/\",\"logo\":{\"@type\":\"ImageObject\",\"inLanguage\":\"nl-NL\",\"@id\":\"https:\/\/nmmh.clinic\/nl\/#\/schema\/logo\/image\/\",\"url\":\"https:\/\/nmmh.clinic\/wp-content\/uploads\/2023\/06\/nmmh_logo.svg\",\"contentUrl\":\"https:\/\/nmmh.clinic\/wp-content\/uploads\/2023\/06\/nmmh_logo.svg\",\"width\":1,\"height\":1,\"caption\":\"N\u00e9pal Mountain Mobile Hospital\"},\"image\":{\"@id\":\"https:\/\/nmmh.clinic\/nl\/#\/schema\/logo\/image\/\"}}]}<\/script>\n<!-- \/ Yoast SEO plugin. -->","yoast_head_json":{"title":"Structuur en team - Nepal Mountain Mobile Hospital","robots":{"index":"index","follow":"follow","max-snippet":"max-snippet:-1","max-image-preview":"max-image-preview:large","max-video-preview":"max-video-preview:-1"},"canonical":"https:\/\/nmmh.clinic\/nl\/presentatie\/structuur-team\/","og_locale":"nl_NL","og_type":"article","og_title":"Structuur en team - Nepal Mountain Mobile Hospital","og_description":"Wat betreft de sanitaire omstandigheden in de afgelegen gebieden, was de oprichting van een \u201cMobiel Hospitaal\u201d met hulp voor hygi\u00ebne, algemene en gespecialiseerde zorgen, volledig op zijn plaats. Huisartsen en specialisten behandelen verschillende ziektes, met medische of chirurgische ingrepen. De zorgen zijn volledig gratis voor deze zeer arme bevolking. Een kamp van vijf dagen activiteit [&hellip;]","og_url":"https:\/\/nmmh.clinic\/nl\/presentatie\/structuur-team\/","og_site_name":"Nepal Mountain Mobile Hospital","article_modified_time":"2023-07-03T12:05:49+00:00","twitter_card":"summary_large_image","twitter_misc":{"Geschatte leestijd":"4 minuten"},"schema":{"@context":"https:\/\/schema.org","@graph":[{"@type":"WebPage","@id":"https:\/\/nmmh.clinic\/nl\/presentatie\/structuur-team\/","url":"https:\/\/nmmh.clinic\/nl\/presentatie\/structuur-team\/","name":"Structuur en team - Nepal Mountain Mobile Hospital","isPartOf":{"@id":"https:\/\/nmmh.clinic\/nl\/#website"},"datePublished":"2023-06-28T08:14:43+00:00","dateModified":"2023-07-03T12:05:49+00:00","breadcrumb":{"@id":"https:\/\/nmmh.clinic\/nl\/presentatie\/structuur-team\/#breadcrumb"},"inLanguage":"nl-NL","potentialAction":[{"@type":"ReadAction","target":["https:\/\/nmmh.clinic\/nl\/presentatie\/structuur-team\/"]}]},{"@type":"BreadcrumbList","@id":"https:\/\/nmmh.clinic\/nl\/presentatie\/structuur-team\/#breadcrumb","itemListElement":[{"@type":"ListItem","position":1,"name":"Home","item":"https:\/\/nmmh.clinic\/nl\/"},{"@type":"ListItem","position":2,"name":"Presentatie","item":"https:\/\/nmmh.clinic\/nl\/presentatie\/"},{"@type":"ListItem","position":3,"name":"Structuur en team"}]},{"@type":"WebSite","@id":"https:\/\/nmmh.clinic\/nl\/#website","url":"https:\/\/nmmh.clinic\/nl\/","name":"Nepal Mountain Mobile Hospital","description":"","publisher":{"@id":"https:\/\/nmmh.clinic\/nl\/#organization"},"potentialAction":[{"@type":"SearchAction","target":{"@type":"EntryPoint","urlTemplate":"https:\/\/nmmh.clinic\/nl\/?s={search_term_string}"},"query-input":{"@type":"PropertyValueSpecification","valueRequired":true,"valueName":"search_term_string"}}],"inLanguage":"nl-NL"},{"@type":"Organization","@id":"https:\/\/nmmh.clinic\/nl\/#organization","name":"N\u00e9pal Mountain Mobile Hospital","url":"https:\/\/nmmh.clinic\/nl\/","logo":{"@type":"ImageObject","inLanguage":"nl-NL","@id":"https:\/\/nmmh.clinic\/nl\/#\/schema\/logo\/image\/","url":"https:\/\/nmmh.clinic\/wp-content\/uploads\/2023\/06\/nmmh_logo.svg","contentUrl":"https:\/\/nmmh.clinic\/wp-content\/uploads\/2023\/06\/nmmh_logo.svg","width":1,"height":1,"caption":"N\u00e9pal Mountain Mobile Hospital"},"image":{"@id":"https:\/\/nmmh.clinic\/nl\/#\/schema\/logo\/image\/"}}]}},"_links":{"self":[{"href":"https:\/\/nmmh.clinic\/nl\/wp-json\/wp\/v2\/pages\/1914","targetHints":{"allow":["GET"]}}],"collection":[{"href":"https:\/\/nmmh.clinic\/nl\/wp-json\/wp\/v2\/pages"}],"about":[{"href":"https:\/\/nmmh.clinic\/nl\/wp-json\/wp\/v2\/types\/page"}],"author":[{"embeddable":true,"href":"https:\/\/nmmh.clinic\/nl\/wp-json\/wp\/v2\/users\/1"}],"replies":[{"embeddable":true,"href":"https:\/\/nmmh.clinic\/nl\/wp-json\/wp\/v2\/comments?post=1914"}],"version-history":[{"count":1,"href":"https:\/\/nmmh.clinic\/nl\/wp-json\/wp\/v2\/pages\/1914\/revisions"}],"predecessor-version":[{"id":1944,"href":"https:\/\/nmmh.clinic\/nl\/wp-json\/wp\/v2\/pages\/1914\/revisions\/1944"}],"up":[{"embeddable":true,"href":"https:\/\/nmmh.clinic\/nl\/wp-json\/wp\/v2\/pages\/2201"}],"wp:attachment":[{"href":"https:\/\/nmmh.clinic\/nl\/wp-json\/wp\/v2\/media?parent=1914"}],"curies":[{"name":"wp","href":"https:\/\/api.w.org\/{rel}","templated":true}]}}