{"id":1916,"date":"2023-06-28T08:14:14","date_gmt":"2023-06-28T08:14:14","guid":{"rendered":"https:\/\/nmmh.clinic\/presentatie\/pourquoi-le-nepal\/"},"modified":"2023-07-03T12:04:07","modified_gmt":"2023-07-03T12:04:07","slug":"waarom-nepal","status":"publish","type":"page","link":"https:\/\/nmmh.clinic\/nl\/presentatie\/waarom-nepal\/","title":{"rendered":"Waarom Nepal ?"},"content":{"rendered":"<p>Nepal ligt in het Himalaya-gebergte tussen Indi\u00eb en China. Er zijn 30.000.000 inwoners en het telt 8 bergtoppen van de 14 ter wereld die hoger zijn dan 8000m. 85% van de bevolking wonen op het platteland of in de bergen. 50% is analfabeet. Het is \u00e9\u00e9n van de armste landen ter wereld en het armste land van Azi\u00eb.<\/p>\n<p><strong>Meer dan 50% van de bevolking leeft onder de armoedegrens (hetzij minder dan 1\u20ac per dag of 1,25$ per dag).<\/strong><\/p>\n<p>Dit oude koninkrijk heeft een mao\u00efstische guerrilla gekend met een grote omvang sinds begin 2000. Deze guerrilla was moeilijk te controleren door het leger in het bergachtig land.<\/p>\n<p>Die guerrilla eindigde in 2006 met de afzetting van de koning en de oprichting van een jonge democratische republiek. Sindsdien werden verkiezingen georganiseerd in 2008 om een \u201cAssemblee Constituante\u201d uit te roepen en om een nieuwe grondwet uit te vaardigen. Vandaag, spijts de nieuwe<\/p>\n<p>Verkiezingen van 2013, is deze nieuwe grondwet nog steeds niet tot stand gekomen.<\/p>\n<p>Door die jarenlange guerrilla en politieke instabiliteit is het land doodgebloed op sociaal en economisch gebied. De bevolking zocht zijn toevlucht tot de grote steden en in het bijzonder naar de hoofdstad Kathmandu waar de bevolking in 15 jaar praktisch verdubbelde (4.000.000 inwoners) ten koste van de plattelandssteden en de bergsteden die de meest behoevende blijven op gebied van opvoeding, gezondheid en economie.<\/p>\n","protected":false},"excerpt":{"rendered":"<p>Nepal ligt in het Himalaya-gebergte tussen Indi\u00eb en China. Er zijn 30.000.000 inwoners en het telt 8 bergtoppen van de 14 ter wereld die hoger zijn dan 8000m. 85% van de bevolking wonen op het platteland of in de bergen. 50% is analfabeet. Het is \u00e9\u00e9n van de armste landen ter wereld en het armste [&hellip;]<\/p>\n","protected":false},"author":1,"featured_media":0,"parent":2201,"menu_order":33,"comment_status":"closed","ping_status":"closed","template":"page-default.php","meta":{"footnotes":""},"class_list":["post-1916","page","type-page","status-publish","hentry"],"acf":[],"yoast_head":"<!-- This site is optimized with the Yoast SEO plugin v23.4 - https:\/\/yoast.com\/wordpress\/plugins\/seo\/ -->\n<title>Waarom Nepal ? - Nepal Mountain Mobile Hospital<\/title>\n<meta name=\"robots\" content=\"index, follow, max-snippet:-1, max-image-preview:large, max-video-preview:-1\" \/>\n<link rel=\"canonical\" href=\"https:\/\/nmmh.clinic\/nl\/presentatie\/waarom-nepal\/\" \/>\n<meta property=\"og:locale\" content=\"nl_NL\" \/>\n<meta property=\"og:type\" content=\"article\" \/>\n<meta property=\"og:title\" content=\"Waarom Nepal ? - Nepal Mountain Mobile Hospital\" \/>\n<meta property=\"og:description\" content=\"Nepal ligt in het Himalaya-gebergte tussen Indi\u00eb en China. Er zijn 30.000.000 inwoners en het telt 8 bergtoppen van de 14 ter wereld die hoger zijn dan 8000m. 85% van de bevolking wonen op het platteland of in de bergen. 50% is analfabeet. Het is \u00e9\u00e9n van de armste landen ter wereld en het armste [&hellip;]\" \/>\n<meta property=\"og:url\" content=\"https:\/\/nmmh.clinic\/nl\/presentatie\/waarom-nepal\/\" \/>\n<meta property=\"og:site_name\" content=\"Nepal Mountain Mobile Hospital\" \/>\n<meta property=\"article:modified_time\" content=\"2023-07-03T12:04:07+00:00\" \/>\n<meta name=\"twitter:card\" content=\"summary_large_image\" \/>\n<meta name=\"twitter:label1\" content=\"Geschatte leestijd\" \/>\n\t<meta name=\"twitter:data1\" content=\"2 minuten\" \/>\n<script type=\"application\/ld+json\" class=\"yoast-schema-graph\">{\"@context\":\"https:\/\/schema.org\",\"@graph\":[{\"@type\":\"WebPage\",\"@id\":\"https:\/\/nmmh.clinic\/nl\/presentatie\/waarom-nepal\/\",\"url\":\"https:\/\/nmmh.clinic\/nl\/presentatie\/waarom-nepal\/\",\"name\":\"Waarom Nepal ? - Nepal Mountain Mobile Hospital\",\"isPartOf\":{\"@id\":\"https:\/\/nmmh.clinic\/nl\/#website\"},\"datePublished\":\"2023-06-28T08:14:14+00:00\",\"dateModified\":\"2023-07-03T12:04:07+00:00\",\"breadcrumb\":{\"@id\":\"https:\/\/nmmh.clinic\/nl\/presentatie\/waarom-nepal\/#breadcrumb\"},\"inLanguage\":\"nl-NL\",\"potentialAction\":[{\"@type\":\"ReadAction\",\"target\":[\"https:\/\/nmmh.clinic\/nl\/presentatie\/waarom-nepal\/\"]}]},{\"@type\":\"BreadcrumbList\",\"@id\":\"https:\/\/nmmh.clinic\/nl\/presentatie\/waarom-nepal\/#breadcrumb\",\"itemListElement\":[{\"@type\":\"ListItem\",\"position\":1,\"name\":\"Home\",\"item\":\"https:\/\/nmmh.clinic\/nl\/\"},{\"@type\":\"ListItem\",\"position\":2,\"name\":\"Presentatie\",\"item\":\"https:\/\/nmmh.clinic\/nl\/presentatie\/\"},{\"@type\":\"ListItem\",\"position\":3,\"name\":\"Waarom Nepal ?\"}]},{\"@type\":\"WebSite\",\"@id\":\"https:\/\/nmmh.clinic\/nl\/#website\",\"url\":\"https:\/\/nmmh.clinic\/nl\/\",\"name\":\"Nepal Mountain Mobile Hospital\",\"description\":\"\",\"publisher\":{\"@id\":\"https:\/\/nmmh.clinic\/nl\/#organization\"},\"potentialAction\":[{\"@type\":\"SearchAction\",\"target\":{\"@type\":\"EntryPoint\",\"urlTemplate\":\"https:\/\/nmmh.clinic\/nl\/?s={search_term_string}\"},\"query-input\":{\"@type\":\"PropertyValueSpecification\",\"valueRequired\":true,\"valueName\":\"search_term_string\"}}],\"inLanguage\":\"nl-NL\"},{\"@type\":\"Organization\",\"@id\":\"https:\/\/nmmh.clinic\/nl\/#organization\",\"name\":\"N\u00e9pal Mountain Mobile Hospital\",\"url\":\"https:\/\/nmmh.clinic\/nl\/\",\"logo\":{\"@type\":\"ImageObject\",\"inLanguage\":\"nl-NL\",\"@id\":\"https:\/\/nmmh.clinic\/nl\/#\/schema\/logo\/image\/\",\"url\":\"https:\/\/nmmh.clinic\/wp-content\/uploads\/2023\/06\/nmmh_logo.svg\",\"contentUrl\":\"https:\/\/nmmh.clinic\/wp-content\/uploads\/2023\/06\/nmmh_logo.svg\",\"width\":1,\"height\":1,\"caption\":\"N\u00e9pal Mountain Mobile Hospital\"},\"image\":{\"@id\":\"https:\/\/nmmh.clinic\/nl\/#\/schema\/logo\/image\/\"}}]}<\/script>\n<!-- \/ Yoast SEO plugin. -->","yoast_head_json":{"title":"Waarom Nepal ? - Nepal Mountain Mobile Hospital","robots":{"index":"index","follow":"follow","max-snippet":"max-snippet:-1","max-image-preview":"max-image-preview:large","max-video-preview":"max-video-preview:-1"},"canonical":"https:\/\/nmmh.clinic\/nl\/presentatie\/waarom-nepal\/","og_locale":"nl_NL","og_type":"article","og_title":"Waarom Nepal ? - Nepal Mountain Mobile Hospital","og_description":"Nepal ligt in het Himalaya-gebergte tussen Indi\u00eb en China. Er zijn 30.000.000 inwoners en het telt 8 bergtoppen van de 14 ter wereld die hoger zijn dan 8000m. 85% van de bevolking wonen op het platteland of in de bergen. 50% is analfabeet. Het is \u00e9\u00e9n van de armste landen ter wereld en het armste [&hellip;]","og_url":"https:\/\/nmmh.clinic\/nl\/presentatie\/waarom-nepal\/","og_site_name":"Nepal Mountain Mobile Hospital","article_modified_time":"2023-07-03T12:04:07+00:00","twitter_card":"summary_large_image","twitter_misc":{"Geschatte leestijd":"2 minuten"},"schema":{"@context":"https:\/\/schema.org","@graph":[{"@type":"WebPage","@id":"https:\/\/nmmh.clinic\/nl\/presentatie\/waarom-nepal\/","url":"https:\/\/nmmh.clinic\/nl\/presentatie\/waarom-nepal\/","name":"Waarom Nepal ? - Nepal Mountain Mobile Hospital","isPartOf":{"@id":"https:\/\/nmmh.clinic\/nl\/#website"},"datePublished":"2023-06-28T08:14:14+00:00","dateModified":"2023-07-03T12:04:07+00:00","breadcrumb":{"@id":"https:\/\/nmmh.clinic\/nl\/presentatie\/waarom-nepal\/#breadcrumb"},"inLanguage":"nl-NL","potentialAction":[{"@type":"ReadAction","target":["https:\/\/nmmh.clinic\/nl\/presentatie\/waarom-nepal\/"]}]},{"@type":"BreadcrumbList","@id":"https:\/\/nmmh.clinic\/nl\/presentatie\/waarom-nepal\/#breadcrumb","itemListElement":[{"@type":"ListItem","position":1,"name":"Home","item":"https:\/\/nmmh.clinic\/nl\/"},{"@type":"ListItem","position":2,"name":"Presentatie","item":"https:\/\/nmmh.clinic\/nl\/presentatie\/"},{"@type":"ListItem","position":3,"name":"Waarom Nepal ?"}]},{"@type":"WebSite","@id":"https:\/\/nmmh.clinic\/nl\/#website","url":"https:\/\/nmmh.clinic\/nl\/","name":"Nepal Mountain Mobile Hospital","description":"","publisher":{"@id":"https:\/\/nmmh.clinic\/nl\/#organization"},"potentialAction":[{"@type":"SearchAction","target":{"@type":"EntryPoint","urlTemplate":"https:\/\/nmmh.clinic\/nl\/?s={search_term_string}"},"query-input":{"@type":"PropertyValueSpecification","valueRequired":true,"valueName":"search_term_string"}}],"inLanguage":"nl-NL"},{"@type":"Organization","@id":"https:\/\/nmmh.clinic\/nl\/#organization","name":"N\u00e9pal Mountain Mobile Hospital","url":"https:\/\/nmmh.clinic\/nl\/","logo":{"@type":"ImageObject","inLanguage":"nl-NL","@id":"https:\/\/nmmh.clinic\/nl\/#\/schema\/logo\/image\/","url":"https:\/\/nmmh.clinic\/wp-content\/uploads\/2023\/06\/nmmh_logo.svg","contentUrl":"https:\/\/nmmh.clinic\/wp-content\/uploads\/2023\/06\/nmmh_logo.svg","width":1,"height":1,"caption":"N\u00e9pal Mountain Mobile Hospital"},"image":{"@id":"https:\/\/nmmh.clinic\/nl\/#\/schema\/logo\/image\/"}}]}},"_links":{"self":[{"href":"https:\/\/nmmh.clinic\/nl\/wp-json\/wp\/v2\/pages\/1916","targetHints":{"allow":["GET"]}}],"collection":[{"href":"https:\/\/nmmh.clinic\/nl\/wp-json\/wp\/v2\/pages"}],"about":[{"href":"https:\/\/nmmh.clinic\/nl\/wp-json\/wp\/v2\/types\/page"}],"author":[{"embeddable":true,"href":"https:\/\/nmmh.clinic\/nl\/wp-json\/wp\/v2\/users\/1"}],"replies":[{"embeddable":true,"href":"https:\/\/nmmh.clinic\/nl\/wp-json\/wp\/v2\/comments?post=1916"}],"version-history":[{"count":1,"href":"https:\/\/nmmh.clinic\/nl\/wp-json\/wp\/v2\/pages\/1916\/revisions"}],"predecessor-version":[{"id":1940,"href":"https:\/\/nmmh.clinic\/nl\/wp-json\/wp\/v2\/pages\/1916\/revisions\/1940"}],"up":[{"embeddable":true,"href":"https:\/\/nmmh.clinic\/nl\/wp-json\/wp\/v2\/pages\/2201"}],"wp:attachment":[{"href":"https:\/\/nmmh.clinic\/nl\/wp-json\/wp\/v2\/media?parent=1916"}],"curies":[{"name":"wp","href":"https:\/\/api.w.org\/{rel}","templated":true}]}}